{"id":3720,"date":"2025-03-06T21:17:12","date_gmt":"2025-03-06T20:17:12","guid":{"rendered":"https:\/\/terra-yoga.fr\/?post_type=product&#038;p=3720"},"modified":"2025-03-09T19:15:17","modified_gmt":"2025-03-09T18:15:17","slug":"martinique-maroc-guyane","status":"publish","type":"product","link":"https:\/\/terra-yoga.fr\/index.php\/produit\/martinique-maroc-guyane\/","title":{"rendered":"Martinique, Maroc &#038; Guyane"},"content":{"rendered":"<p>Offrez-vous un magnifique cadeau : Le <strong>pack complet<\/strong> de 3 retraites en ligne (Une Pause en Martinique, Une Pause au Maroc &amp; Une Pause en Guyane)<\/p>\n<p>Je vous accompagne au travers de <strong>11 pratiques de Yoga<\/strong> (9h30 de cours), deux respirations, trois m\u00e9ditations (45 minutes au total), trois temps d\u00e9di\u00e9s \u00e0 du journaling et trois temps d\u00e9di\u00e9s \u00e0 une activit\u00e9 artistique pour vous faire du bien et apprendre \u00e0 ralentir. Je vous laisse d\u00e9couvrir le programme et vous plonger au c\u0153ur de la <strong>Martinique<\/strong>, du <strong>Maroc<\/strong> et de la <strong>Guyane<\/strong> selon vos envies.<\/p>\n<p>Boussa &amp; Chien t\u00eate-en-bas<\/p>\n","protected":false},"excerpt":{"rendered":"<h4><strong>Le contenu de votre Pack Complet\u00a0 &#8220;Une Pause en Martinique&#8221;, &#8220;Une Pause au Maroc&#8221; &amp; &#8220;Une Pause en Guyane&#8221; (accessible \u00e0 vie) :<\/strong><\/h4>\n<ul>\n<li>Onze vid\u00e9os de yoga (9h de pratique) dans ces 3 destinations<\/li>\n<li>Trois vid\u00e9os de m\u00e9ditation accompagn\u00e9es (45 minutes au total)<\/li>\n<li>Deux vid\u00e9os de respiration<\/li>\n<li>Trois vid\u00e9os de journaling et des petits exercices pour vous aider dans ces exercices d&#8217;introspection<\/li>\n<li>Cinq recettes de cuisine incontournables de ces destinations<\/li>\n<li>Deux playlists de musique pour d\u00e9couvrir les sons antillais, guyanais et marocains<\/li>\n<li>Un support pour trois activit\u00e9s artistiques<\/li>\n<li>Des recommandations de lectures et de films pour vous plonger dans la culture martiniquaise, marocaine et la culture guyanaise<\/li>\n<li>Vos carnets de voyage sous format PDF<\/li>\n<\/ul>\n<p>&nbsp;<\/p>\n<h5><span style=\"text-decoration: underline;\"><strong>Et en exclusivit\u00e9 :<\/strong><\/span><\/h5>\n<ul>\n<li>D\u00e9couvrez gratuitement le pack de vid\u00e9os &#8220;Yoga sur l&#8217;Ile de la R\u00e9union&#8221; (soit 14 vid\u00e9os) directement sur votre studio Terra Yoga.<\/li>\n<\/ul>\n","protected":false},"featured_media":3362,"comment_status":"open","ping_status":"closed","template":"","meta":[],"product_brand":[],"product_cat":[33],"product_tag":[],"class_list":{"0":"post-3720","1":"product","2":"type-product","3":"status-publish","4":"has-post-thumbnail","6":"product_cat-non-classe","7":"rsfv-has-video","9":"first","10":"instock","11":"virtual","12":"sold-individually","13":"purchasable","14":"product-type-course"},"jetpack_sharing_enabled":true,"_links":{"self":[{"href":"https:\/\/terra-yoga.fr\/index.php\/wp-json\/wp\/v2\/product\/3720","targetHints":{"allow":["GET"]}}],"collection":[{"href":"https:\/\/terra-yoga.fr\/index.php\/wp-json\/wp\/v2\/product"}],"about":[{"href":"https:\/\/terra-yoga.fr\/index.php\/wp-json\/wp\/v2\/types\/product"}],"replies":[{"embeddable":true,"href":"https:\/\/terra-yoga.fr\/index.php\/wp-json\/wp\/v2\/comments?post=3720"}],"version-history":[{"count":5,"href":"https:\/\/terra-yoga.fr\/index.php\/wp-json\/wp\/v2\/product\/3720\/revisions"}],"predecessor-version":[{"id":4173,"href":"https:\/\/terra-yoga.fr\/index.php\/wp-json\/wp\/v2\/product\/3720\/revisions\/4173"}],"wp:featuredmedia":[{"embeddable":true,"href":"https:\/\/terra-yoga.fr\/index.php\/wp-json\/wp\/v2\/media\/3362"}],"wp:attachment":[{"href":"https:\/\/terra-yoga.fr\/index.php\/wp-json\/wp\/v2\/media?parent=3720"}],"wp:term":[{"taxonomy":"product_brand","embeddable":true,"href":"https:\/\/terra-yoga.fr\/index.php\/wp-json\/wp\/v2\/product_brand?post=3720"},{"taxonomy":"product_cat","embeddable":true,"href":"https:\/\/terra-yoga.fr\/index.php\/wp-json\/wp\/v2\/product_cat?post=3720"},{"taxonomy":"product_tag","embeddable":true,"href":"https:\/\/terra-yoga.fr\/index.php\/wp-json\/wp\/v2\/product_tag?post=3720"}],"curies":[{"name":"wp","href":"https:\/\/api.w.org\/{rel}","templated":true}]}}