{"id":3638,"date":"2025-03-05T18:47:30","date_gmt":"2025-03-05T17:47:30","guid":{"rendered":"https:\/\/terra-yoga.fr\/?post_type=product&#038;p=3638"},"modified":"2025-03-09T19:14:47","modified_gmt":"2025-03-09T18:14:47","slug":"une-pause-en-martinique","status":"publish","type":"product","link":"https:\/\/terra-yoga.fr\/index.php\/produit\/une-pause-en-martinique\/","title":{"rendered":"Une Pause en Martinique"},"content":{"rendered":"<p>Offrez-vous un beau cadeau : Une retraite en ligne sur 4 jours en Martinique.<\/p>\n<p>Je vous accompagne au travers de 4 pratiques de Yoga (3h de cours), une respiration, une m\u00e9ditation, un temps d\u00e9di\u00e9 \u00e0 du journaling et un temps d\u00e9di\u00e9 \u00e0 une activit\u00e9 artistique pour vous faire du bien et apprendre \u00e0 ralentir. Je vous laisse d\u00e9couvrir le programme et plonger au c\u0153ur de la Martinique selon vos envies.<\/p>\n<p>Boussa &amp; Chien t\u00eate-en-bas<\/p>\n","protected":false},"excerpt":{"rendered":"<h4><strong>Le contenu de votre retraite en ligne &#8221; Une Pause en Martinique&#8221; (accessible \u00e0 vie) :\u00a0<\/strong><\/h4>\n<ul>\n<li>Quatre vid\u00e9os de yoga (3h de pratique) \u00e0 travers l&#8217;\u00eele de la Martinique<\/li>\n<li>Une vid\u00e9o de m\u00e9ditation accompagn\u00e9e (15 minutes)<\/li>\n<li>Une vid\u00e9o de respiration au sommet de la Montagne Pel\u00e9e<\/li>\n<li>Une vid\u00e9o de journaling et un petit exercice personnel pour vous aider dans cette activit\u00e9 d&#8217;introspection<\/li>\n<li>Deux recettes de cuisine incontournables<\/li>\n<li>Une playlist de musique pour d\u00e9couvrir les sons antillais et guyanais<\/li>\n<li>Un support pour une petite activit\u00e9 artistique aux couleurs des Antilles<\/li>\n<li>Des recommandations de lectures et de films pour vous plonger dans la culture martiniquaise<\/li>\n<li>Votre carnet de voyage sous format PDF<\/li>\n<\/ul>\n<p>&nbsp;<\/p>\n<h5><span style=\"text-decoration: underline;\"><strong>Et en exclusivit\u00e9 :<\/strong><\/span><\/h5>\n<ul>\n<li>D\u00e9couvrez gratuitement le pack de vid\u00e9os &#8221; Yoga sur l&#8217;Ile de la R\u00e9union&#8221; (soit 14 vid\u00e9os) directement sur votre studio Terra Yoga.<\/li>\n<\/ul>\n<p>&nbsp;<\/p>\n","protected":false},"featured_media":3674,"comment_status":"open","ping_status":"closed","template":"","meta":[],"product_brand":[],"product_cat":[33],"product_tag":[],"class_list":{"0":"post-3638","1":"product","2":"type-product","3":"status-publish","4":"has-post-thumbnail","6":"product_cat-non-classe","7":"rsfv-has-video","9":"first","10":"instock","11":"virtual","12":"sold-individually","13":"purchasable","14":"product-type-course"},"jetpack_sharing_enabled":true,"_links":{"self":[{"href":"https:\/\/terra-yoga.fr\/index.php\/wp-json\/wp\/v2\/product\/3638","targetHints":{"allow":["GET"]}}],"collection":[{"href":"https:\/\/terra-yoga.fr\/index.php\/wp-json\/wp\/v2\/product"}],"about":[{"href":"https:\/\/terra-yoga.fr\/index.php\/wp-json\/wp\/v2\/types\/product"}],"replies":[{"embeddable":true,"href":"https:\/\/terra-yoga.fr\/index.php\/wp-json\/wp\/v2\/comments?post=3638"}],"version-history":[{"count":6,"href":"https:\/\/terra-yoga.fr\/index.php\/wp-json\/wp\/v2\/product\/3638\/revisions"}],"predecessor-version":[{"id":4172,"href":"https:\/\/terra-yoga.fr\/index.php\/wp-json\/wp\/v2\/product\/3638\/revisions\/4172"}],"wp:featuredmedia":[{"embeddable":true,"href":"https:\/\/terra-yoga.fr\/index.php\/wp-json\/wp\/v2\/media\/3674"}],"wp:attachment":[{"href":"https:\/\/terra-yoga.fr\/index.php\/wp-json\/wp\/v2\/media?parent=3638"}],"wp:term":[{"taxonomy":"product_brand","embeddable":true,"href":"https:\/\/terra-yoga.fr\/index.php\/wp-json\/wp\/v2\/product_brand?post=3638"},{"taxonomy":"product_cat","embeddable":true,"href":"https:\/\/terra-yoga.fr\/index.php\/wp-json\/wp\/v2\/product_cat?post=3638"},{"taxonomy":"product_tag","embeddable":true,"href":"https:\/\/terra-yoga.fr\/index.php\/wp-json\/wp\/v2\/product_tag?post=3638"}],"curies":[{"name":"wp","href":"https:\/\/api.w.org\/{rel}","templated":true}]}}