{"id":3636,"date":"2025-03-05T18:44:47","date_gmt":"2025-03-05T17:44:47","guid":{"rendered":"https:\/\/terra-yoga.fr\/?post_type=product&#038;p=3636"},"modified":"2025-03-09T19:13:22","modified_gmt":"2025-03-09T18:13:22","slug":"martinique-guyane","status":"publish","type":"product","link":"https:\/\/terra-yoga.fr\/index.php\/produit\/martinique-guyane\/","title":{"rendered":"Martinique &#038; Guyane"},"content":{"rendered":"<p>Offrez-vous un beau cadeau : Le pack de 2 retraites en ligne (Une Pause en Martinique &amp; Une pause en Guyane)<\/p>\n<p>Je vous accompagne au travers de 7 pratiques de Yoga (soit pr\u00e8s de 6h de cours), une respiration, deux m\u00e9ditations, deux temps d\u00e9di\u00e9s \u00e0 du journaling et deux temps d\u00e9di\u00e9s \u00e0 une activit\u00e9 artistique pour vous faire du bien et apprendre \u00e0 ralentir. Je vous laisse d\u00e9couvrir le programme et vous plonger au c\u0153ur de la Martinique et de la Guyane selon vos envies.<\/p>\n<p>Boussa &amp; Chien t\u00eate-en-bas<\/p>\n","protected":false},"excerpt":{"rendered":"<h4><strong>Le contenu de votre Pack &#8220;Une Pause en Martinique&#8221; &amp; &#8220;Une Pause en Guyane&#8221; (accessible \u00e0 vie) :<\/strong><\/h4>\n<ul>\n<li>Sept vid\u00e9os de yoga (6h de pratique) \u00e0 travers l&#8217;\u00eele de la Martinique et au c\u0153ur de la Guyane<\/li>\n<li>Deux vid\u00e9os de m\u00e9ditation accompagn\u00e9e (30 minutes au total)<\/li>\n<li>Une vid\u00e9o de respiration au sommet de la Montagne Pel\u00e9e<\/li>\n<li>Deux vid\u00e9os de journaling et un petit exercice pour vous aider dans ces exercices d&#8217;introspection<\/li>\n<li>Trois recettes de cuisine incontournables de ces destinations<\/li>\n<li>Une playlist de musique pour d\u00e9couvrir les sons antillais et guyanais<\/li>\n<li>Un support pour deux activit\u00e9s artistiques<\/li>\n<li>Des recommandations de lectures et de films pour vous plonger dans la culture martiniquaise et la culture guyanaise<\/li>\n<li>Vos carnets de voyage sous format PDF<\/li>\n<\/ul>\n<p>&nbsp;<\/p>\n<h5><span style=\"text-decoration: underline;\"><strong>Et en exclusivit\u00e9 :<\/strong><\/span><\/h5>\n<ul>\n<li>D\u00e9couvrez gratuitement le pack de vid\u00e9os &#8221; Yoga sur l&#8217;Ile de la R\u00e9union&#8221; (soit 14 pratiques de Yoga) directement sur votre studio Terra Yoga.<\/li>\n<\/ul>\n","protected":false},"featured_media":1334,"comment_status":"open","ping_status":"closed","template":"","meta":[],"product_brand":[],"product_cat":[33],"product_tag":[],"class_list":{"0":"post-3636","1":"product","2":"type-product","3":"status-publish","4":"has-post-thumbnail","6":"product_cat-non-classe","7":"rsfv-has-video","9":"first","10":"instock","11":"virtual","12":"sold-individually","13":"purchasable","14":"product-type-course"},"jetpack_sharing_enabled":true,"_links":{"self":[{"href":"https:\/\/terra-yoga.fr\/index.php\/wp-json\/wp\/v2\/product\/3636","targetHints":{"allow":["GET"]}}],"collection":[{"href":"https:\/\/terra-yoga.fr\/index.php\/wp-json\/wp\/v2\/product"}],"about":[{"href":"https:\/\/terra-yoga.fr\/index.php\/wp-json\/wp\/v2\/types\/product"}],"replies":[{"embeddable":true,"href":"https:\/\/terra-yoga.fr\/index.php\/wp-json\/wp\/v2\/comments?post=3636"}],"version-history":[{"count":10,"href":"https:\/\/terra-yoga.fr\/index.php\/wp-json\/wp\/v2\/product\/3636\/revisions"}],"predecessor-version":[{"id":4171,"href":"https:\/\/terra-yoga.fr\/index.php\/wp-json\/wp\/v2\/product\/3636\/revisions\/4171"}],"wp:featuredmedia":[{"embeddable":true,"href":"https:\/\/terra-yoga.fr\/index.php\/wp-json\/wp\/v2\/media\/1334"}],"wp:attachment":[{"href":"https:\/\/terra-yoga.fr\/index.php\/wp-json\/wp\/v2\/media?parent=3636"}],"wp:term":[{"taxonomy":"product_brand","embeddable":true,"href":"https:\/\/terra-yoga.fr\/index.php\/wp-json\/wp\/v2\/product_brand?post=3636"},{"taxonomy":"product_cat","embeddable":true,"href":"https:\/\/terra-yoga.fr\/index.php\/wp-json\/wp\/v2\/product_cat?post=3636"},{"taxonomy":"product_tag","embeddable":true,"href":"https:\/\/terra-yoga.fr\/index.php\/wp-json\/wp\/v2\/product_tag?post=3636"}],"curies":[{"name":"wp","href":"https:\/\/api.w.org\/{rel}","templated":true}]}}